{"id":731,"date":"2019-07-21T00:37:47","date_gmt":"2019-07-21T00:37:47","guid":{"rendered":"http:\/\/lasguacamayas.org.mx\/?page_id=731"},"modified":"2024-04-27T07:52:25","modified_gmt":"2024-04-27T07:52:25","slug":"alojamiento-aprendizaje-sobre-la-conservacion","status":"publish","type":"page","link":"https:\/\/lasguacamayas.org.mx\/en\/alojamiento-aprendizaje-sobre-la-conservacion\/","title":{"rendered":"Preserving the jungle"},"content":{"rendered":"<div data-elementor-type=\"wp-page\" data-elementor-id=\"731\" class=\"elementor elementor-731\" data-elementor-post-type=\"page\">\n\t\t\t\t\t\t<section class=\"elementor-section elementor-top-section elementor-element elementor-element-7953a63b elementor-section-full_width elementor-section-height-default elementor-section-height-default\" data-id=\"7953a63b\" data-element_type=\"section\" data-settings=\"{&quot;background_background&quot;:&quot;gradient&quot;}\">\n\t\t\t\t\t\t<div class=\"elementor-container elementor-column-gap-default\">\n\t\t\t\t\t<div class=\"elementor-column elementor-col-100 elementor-top-column elementor-element elementor-element-19e8532f\" data-id=\"19e8532f\" data-element_type=\"column\">\n\t\t\t<div class=\"elementor-widget-wrap elementor-element-populated\">\n\t\t\t\t\t\t<section class=\"elementor-section elementor-inner-section elementor-element elementor-element-54c37db2 elementor-reverse-mobile elementor-section-boxed elementor-section-height-default elementor-section-height-default\" data-id=\"54c37db2\" data-element_type=\"section\">\n\t\t\t\t\t\t<div class=\"elementor-container elementor-column-gap-no\">\n\t\t\t\t\t<div class=\"elementor-column elementor-col-100 elementor-inner-column elementor-element elementor-element-8d162ec\" data-id=\"8d162ec\" data-element_type=\"column\">\n\t\t\t<div class=\"elementor-widget-wrap elementor-element-populated\">\n\t\t\t\t\t\t<div class=\"elementor-element elementor-element-666045fc elementor-widget elementor-widget-heading\" data-id=\"666045fc\" data-element_type=\"widget\" data-widget_type=\"heading.default\">\n\t\t\t\t<div class=\"elementor-widget-container\">\n\t\t\t\t\t<h2 class=\"elementor-heading-title elementor-size-default\">Preserving the jungle<\/h2>\t\t\t\t<\/div>\n\t\t\t\t<\/div>\n\t\t\t\t\t<\/div>\n\t\t<\/div>\n\t\t\t\t\t<\/div>\n\t\t<\/section>\n\t\t\t\t\t<\/div>\n\t\t<\/div>\n\t\t\t\t\t<\/div>\n\t\t<\/section>\n\t\t\t\t<section class=\"elementor-section elementor-top-section elementor-element elementor-element-4da2638e elementor-section-full_width elementor-section-height-default elementor-section-height-default\" data-id=\"4da2638e\" data-element_type=\"section\">\n\t\t\t\t\t\t<div class=\"elementor-container elementor-column-gap-no\">\n\t\t\t\t\t<div class=\"elementor-column elementor-col-100 elementor-top-column elementor-element elementor-element-6d60ad92\" data-id=\"6d60ad92\" data-element_type=\"column\">\n\t\t\t<div class=\"elementor-widget-wrap elementor-element-populated\">\n\t\t\t\t\t\t<section class=\"elementor-section elementor-inner-section elementor-element elementor-element-307ab857 elementor-section-boxed elementor-section-height-default elementor-section-height-default\" data-id=\"307ab857\" data-element_type=\"section\">\n\t\t\t\t\t\t<div class=\"elementor-container elementor-column-gap-default\">\n\t\t\t\t\t<div class=\"elementor-column elementor-col-100 elementor-inner-column elementor-element elementor-element-40869e44\" data-id=\"40869e44\" data-element_type=\"column\">\n\t\t\t<div class=\"elementor-widget-wrap elementor-element-populated\">\n\t\t\t\t\t\t<div class=\"elementor-element elementor-element-353ee887 animated-slow elementor-invisible elementor-widget elementor-widget-image\" data-id=\"353ee887\" data-element_type=\"widget\" data-settings=\"{&quot;_animation&quot;:&quot;zoomIn&quot;}\" data-widget_type=\"image.default\">\n\t\t\t\t<div class=\"elementor-widget-container\">\n\t\t\t\t\t\t\t\t\t\t\t\t\t\t\t<img fetchpriority=\"high\" decoding=\"async\" width=\"2000\" height=\"900\" src=\"https:\/\/lasguacamayas.org.mx\/wp-content\/uploads\/2024\/01\/conociendo_el_proyecto_de_conservacion-1.png\" class=\"attachment-full size-full wp-image-1007\" alt=\"\" srcset=\"https:\/\/lasguacamayas.org.mx\/wp-content\/uploads\/2024\/01\/conociendo_el_proyecto_de_conservacion-1.png 2000w, https:\/\/lasguacamayas.org.mx\/wp-content\/uploads\/2024\/01\/conociendo_el_proyecto_de_conservacion-1-300x135.png 300w, https:\/\/lasguacamayas.org.mx\/wp-content\/uploads\/2024\/01\/conociendo_el_proyecto_de_conservacion-1-1024x461.png 1024w, https:\/\/lasguacamayas.org.mx\/wp-content\/uploads\/2024\/01\/conociendo_el_proyecto_de_conservacion-1-768x346.png 768w, https:\/\/lasguacamayas.org.mx\/wp-content\/uploads\/2024\/01\/conociendo_el_proyecto_de_conservacion-1-1536x691.png 1536w\" sizes=\"(max-width: 2000px) 100vw, 2000px\" \/>\t\t\t\t\t\t\t\t\t\t\t\t\t\t\t<\/div>\n\t\t\t\t<\/div>\n\t\t\t\t\t<\/div>\n\t\t<\/div>\n\t\t\t\t\t<\/div>\n\t\t<\/section>\n\t\t\t\t<section class=\"elementor-section elementor-inner-section elementor-element elementor-element-19356de5 elementor-section-boxed elementor-section-height-default elementor-section-height-default\" data-id=\"19356de5\" data-element_type=\"section\">\n\t\t\t\t\t\t<div class=\"elementor-container elementor-column-gap-default\">\n\t\t\t\t\t<div class=\"elementor-column elementor-col-100 elementor-inner-column elementor-element elementor-element-53199708\" data-id=\"53199708\" data-element_type=\"column\">\n\t\t\t<div class=\"elementor-widget-wrap elementor-element-populated\">\n\t\t\t\t\t\t<div class=\"elementor-element elementor-element-1509446b elementor-widget elementor-widget-heading\" data-id=\"1509446b\" data-element_type=\"widget\" data-widget_type=\"heading.default\">\n\t\t\t\t<div class=\"elementor-widget-container\">\n\t\t\t\t\t<h2 class=\"elementor-heading-title elementor-size-default\">Prices start at MX$ 3,035.00 *<\/h2>\t\t\t\t<\/div>\n\t\t\t\t<\/div>\n\t\t\t\t<div class=\"elementor-element elementor-element-70b3d661 elementor-widget__width-auto elementor-widget elementor-widget-heading\" data-id=\"70b3d661\" data-element_type=\"widget\" data-widget_type=\"heading.default\">\n\t\t\t\t<div class=\"elementor-widget-container\">\n\t\t\t\t\t<h2 class=\"elementor-heading-title elementor-size-default\">Informative price. Per person, based on double occupancy. Please contact us for more information.<\/h2>\t\t\t\t<\/div>\n\t\t\t\t<\/div>\n\t\t\t\t<div class=\"elementor-element elementor-element-0ba335d elementor-widget elementor-widget-spacer\" data-id=\"0ba335d\" data-element_type=\"widget\" data-widget_type=\"spacer.default\">\n\t\t\t\t<div class=\"elementor-widget-container\">\n\t\t\t\t\t\t\t<div class=\"elementor-spacer\">\n\t\t\t<div class=\"elementor-spacer-inner\"><\/div>\n\t\t<\/div>\n\t\t\t\t\t\t<\/div>\n\t\t\t\t<\/div>\n\t\t\t\t<div class=\"elementor-element elementor-element-520e6f5 elementor-widget__width-initial animated-slow elementor-button-info elementor-invisible elementor-widget elementor-widget-button\" data-id=\"520e6f5\" data-element_type=\"widget\" data-settings=\"{&quot;_animation&quot;:&quot;fadeIn&quot;,&quot;_animation_delay&quot;:50}\" data-widget_type=\"button.default\">\n\t\t\t\t<div class=\"elementor-widget-container\">\n\t\t\t\t\t\t\t\t\t<div class=\"elementor-button-wrapper\">\n\t\t\t\t\t<a class=\"elementor-button elementor-size-md elementor-animation-shrink\" role=\"button\">\n\t\t\t\t\t\t<span class=\"elementor-button-content-wrapper\">\n\t\t\t\t\t\t\t\t\t<span class=\"elementor-button-text\">Duration: 3 days, 2 nights<\/span>\n\t\t\t\t\t<\/span>\n\t\t\t\t\t<\/a>\n\t\t\t\t<\/div>\n\t\t\t\t\t\t\t\t<\/div>\n\t\t\t\t<\/div>\n\t\t\t\t<div class=\"elementor-element elementor-element-29cb95c elementor-widget elementor-widget-spacer\" data-id=\"29cb95c\" data-element_type=\"widget\" data-widget_type=\"spacer.default\">\n\t\t\t\t<div class=\"elementor-widget-container\">\n\t\t\t\t\t\t\t<div class=\"elementor-spacer\">\n\t\t\t<div class=\"elementor-spacer-inner\"><\/div>\n\t\t<\/div>\n\t\t\t\t\t\t<\/div>\n\t\t\t\t<\/div>\n\t\t\t\t<div class=\"elementor-element elementor-element-97e77eb elementor-widget__width-initial animated-slow elementor-button-info elementor-invisible elementor-widget elementor-widget-button\" data-id=\"97e77eb\" data-element_type=\"widget\" data-settings=\"{&quot;_animation&quot;:&quot;fadeIn&quot;,&quot;_animation_delay&quot;:50}\" data-widget_type=\"button.default\">\n\t\t\t\t<div class=\"elementor-widget-container\">\n\t\t\t\t\t\t\t\t\t<div class=\"elementor-button-wrapper\">\n\t\t\t\t\t<a class=\"elementor-button elementor-size-md elementor-animation-shrink\" role=\"button\">\n\t\t\t\t\t\t<span class=\"elementor-button-content-wrapper\">\n\t\t\t\t\t\t\t\t\t<span class=\"elementor-button-text\">Capacity: 8 people maximum<\/span>\n\t\t\t\t\t<\/span>\n\t\t\t\t\t<\/a>\n\t\t\t\t<\/div>\n\t\t\t\t\t\t\t\t<\/div>\n\t\t\t\t<\/div>\n\t\t\t\t<div class=\"elementor-element elementor-element-c005ded elementor-widget elementor-widget-spacer\" data-id=\"c005ded\" data-element_type=\"widget\" data-widget_type=\"spacer.default\">\n\t\t\t\t<div class=\"elementor-widget-container\">\n\t\t\t\t\t\t\t<div class=\"elementor-spacer\">\n\t\t\t<div class=\"elementor-spacer-inner\"><\/div>\n\t\t<\/div>\n\t\t\t\t\t\t<\/div>\n\t\t\t\t<\/div>\n\t\t\t\t<div class=\"elementor-element elementor-element-4ce152ae animated-slow elementor-invisible elementor-widget elementor-widget-heading\" data-id=\"4ce152ae\" data-element_type=\"widget\" data-settings=\"{&quot;_animation&quot;:&quot;fadeIn&quot;}\" data-widget_type=\"heading.default\">\n\t\t\t\t<div class=\"elementor-widget-container\">\n\t\t\t\t\t<h2 class=\"elementor-heading-title elementor-size-default\">Preserving the jungle<\/h2>\t\t\t\t<\/div>\n\t\t\t\t<\/div>\n\t\t\t\t<div class=\"elementor-element elementor-element-a22e8cd elementor-widget__width-auto elementor--star-style-star_fontawesome elementor-widget elementor-widget-star-rating\" data-id=\"a22e8cd\" data-element_type=\"widget\" data-widget_type=\"star-rating.default\">\n\t\t\t\t<div class=\"elementor-widget-container\">\n\t\t\t\t\t\n\t\t<div class=\"elementor-star-rating__wrapper\">\n\t\t\t\t\t\t<div class=\"elementor-star-rating\" title=\"5\/5\" itemtype=\"http:\/\/schema.org\/Rating\" itemscope=\"\" itemprop=\"reviewRating\"><i class=\"elementor-star-full\">&#xE933;<\/i><i class=\"elementor-star-full\">&#xE933;<\/i><i class=\"elementor-star-full\">&#xE933;<\/i><i class=\"elementor-star-full\">&#xE933;<\/i><i class=\"elementor-star-full\">&#xE933;<\/i> <span itemprop=\"ratingValue\" class=\"elementor-screen-only\">5\/5<\/span><\/div>\t\t<\/div>\n\t\t\t\t\t\t<\/div>\n\t\t\t\t<\/div>\n\t\t\t\t<div class=\"elementor-element elementor-element-64641b58 elementor-widget elementor-widget-heading\" data-id=\"64641b58\" data-element_type=\"widget\" data-widget_type=\"heading.default\">\n\t\t\t\t<div class=\"elementor-widget-container\">\n\t\t\t\t\t<h1 class=\"elementor-heading-title elementor-size-default\">Preserving the jungle is our main duty: our project is committed to the conservation of Scarlet Macaw and it is a pleasure to show our visitors our efforts towards it. Join us in a three days journey to learn about it! You will normally arrive during the evening after a few hours of road. Rest, take your time and have some dinner in our restaurant (not included). <br><br>On Day two, you will surely be awaken by the sound of the howler monkeys. After listening to them for a while, take your breakfast (not included) and let\u2019s get ready for a visit to the conservation area for the Scarlet Macaw.\nIn this adventure, you will get to know about our project: our effort to increase the population of macaws in their natural habitat, as well as the preservation of the areas. In this activity you will walk through our village: the Ejido Reforma Agraria, both its urban area and surrounding pastureland. <br><br>After lunch, walk our 2.5 kms interpretative path located within the Biosphere Communitary Area, which has an extension of 1463 hectares of high perennifolia jungle. This reserve houses a large number of mammals, reptiles and birds, some of which you will most probably be able to see. There is also a possibility to watch monkeys. During the hike, we will learn about distinct types of trees and plants, such as \u201cceiba pentandra\u201d, mahogany and cedar. You will always be in contact with nature and our guides.<\/h1>\t\t\t\t<\/div>\n\t\t\t\t<\/div>\n\t\t\t\t<div class=\"elementor-element elementor-element-2967942 elementor-widget__width-initial elementor-widget elementor-widget-heading\" data-id=\"2967942\" data-element_type=\"widget\" data-widget_type=\"heading.default\">\n\t\t\t\t<div class=\"elementor-widget-container\">\n\t\t\t\t\t<h1 class=\"elementor-heading-title elementor-size-default\"><b>Important information<\/b>\n<\/h1>\t\t\t\t<\/div>\n\t\t\t\t<\/div>\n\t\t\t\t<div class=\"elementor-element elementor-element-a37d90d elementor-widget elementor-widget-spacer\" data-id=\"a37d90d\" data-element_type=\"widget\" data-widget_type=\"spacer.default\">\n\t\t\t\t<div class=\"elementor-widget-container\">\n\t\t\t\t\t\t\t<div class=\"elementor-spacer\">\n\t\t\t<div class=\"elementor-spacer-inner\"><\/div>\n\t\t<\/div>\n\t\t\t\t\t\t<\/div>\n\t\t\t\t<\/div>\n\t\t\t\t<div class=\"elementor-element elementor-element-7cd57fa elementor-icon-list--layout-traditional elementor-list-item-link-full_width elementor-widget elementor-widget-icon-list\" data-id=\"7cd57fa\" data-element_type=\"widget\" data-widget_type=\"icon-list.default\">\n\t\t\t\t<div class=\"elementor-widget-container\">\n\t\t\t\t\t\t\t<ul class=\"elementor-icon-list-items\">\n\t\t\t\t\t\t\t<li class=\"elementor-icon-list-item\">\n\t\t\t\t\t\t\t\t\t\t\t<span class=\"elementor-icon-list-icon\">\n\t\t\t\t\t\t\t<svg aria-hidden=\"true\" class=\"e-font-icon-svg e-fas-check\" viewbox=\"0 0 512 512\" xmlns=\"http:\/\/www.w3.org\/2000\/svg\"><path d=\"M173.898 439.404l-166.4-166.4c-9.997-9.997-9.997-26.206 0-36.204l36.203-36.204c9.997-9.998 26.207-9.998 36.204 0L192 312.69 432.095 72.596c9.997-9.997 26.207-9.997 36.204 0l36.203 36.204c9.997 9.997 9.997 26.206 0 36.204l-294.4 294.401c-9.998 9.997-26.207 9.997-36.204-.001z\"><\/path><\/svg>\t\t\t\t\t\t<\/span>\n\t\t\t\t\t\t\t\t\t\t<span class=\"elementor-icon-list-text\">For the conservation area, the tour takes around 1 hr and can be made between 7:00 and 16:00. In the rainy season, make sure you wear a raincoat.<\/span>\n\t\t\t\t\t\t\t\t\t<\/li>\n\t\t\t\t\t\t\t\t<li class=\"elementor-icon-list-item\">\n\t\t\t\t\t\t\t\t\t\t\t<span class=\"elementor-icon-list-icon\">\n\t\t\t\t\t\t\t<svg aria-hidden=\"true\" class=\"e-font-icon-svg e-fas-check\" viewbox=\"0 0 512 512\" xmlns=\"http:\/\/www.w3.org\/2000\/svg\"><path d=\"M173.898 439.404l-166.4-166.4c-9.997-9.997-9.997-26.206 0-36.204l36.203-36.204c9.997-9.998 26.207-9.998 36.204 0L192 312.69 432.095 72.596c9.997-9.997 26.207-9.997 36.204 0l36.203 36.204c9.997 9.997 9.997 26.206 0 36.204l-294.4 294.401c-9.998 9.997-26.207 9.997-36.204-.001z\"><\/path><\/svg>\t\t\t\t\t\t<\/span>\n\t\t\t\t\t\t\t\t\t\t<span class=\"elementor-icon-list-text\">We include Spanish speaking guides for both activities. Beware that our hikes are restricted to specific areas. Please follow your guide instructions.<\/span>\n\t\t\t\t\t\t\t\t\t<\/li>\n\t\t\t\t\t\t\t\t<li class=\"elementor-icon-list-item\">\n\t\t\t\t\t\t\t\t\t\t\t<span class=\"elementor-icon-list-icon\">\n\t\t\t\t\t\t\t<svg aria-hidden=\"true\" class=\"e-font-icon-svg e-fas-check\" viewbox=\"0 0 512 512\" xmlns=\"http:\/\/www.w3.org\/2000\/svg\"><path d=\"M173.898 439.404l-166.4-166.4c-9.997-9.997-9.997-26.206 0-36.204l36.203-36.204c9.997-9.998 26.207-9.998 36.204 0L192 312.69 432.095 72.596c9.997-9.997 26.207-9.997 36.204 0l36.203 36.204c9.997 9.997 9.997 26.206 0 36.204l-294.4 294.401c-9.998 9.997-26.207 9.997-36.204-.001z\"><\/path><\/svg>\t\t\t\t\t\t<\/span>\n\t\t\t\t\t\t\t\t\t\t<span class=\"elementor-icon-list-text\">For the Biosphere Communitary Area, the time for visits is from 08:00 to 15:00. The hike lasts around 2 hrs. We include ground transport and a guide.<\/span>\n\t\t\t\t\t\t\t\t\t<\/li>\n\t\t\t\t\t\t\t\t<li class=\"elementor-icon-list-item\">\n\t\t\t\t\t\t\t\t\t\t\t<span class=\"elementor-icon-list-icon\">\n\t\t\t\t\t\t\t<svg aria-hidden=\"true\" class=\"e-font-icon-svg e-fas-check\" viewbox=\"0 0 512 512\" xmlns=\"http:\/\/www.w3.org\/2000\/svg\"><path d=\"M173.898 439.404l-166.4-166.4c-9.997-9.997-9.997-26.206 0-36.204l36.203-36.204c9.997-9.998 26.207-9.998 36.204 0L192 312.69 432.095 72.596c9.997-9.997 26.207-9.997 36.204 0l36.203 36.204c9.997 9.997 9.997 26.206 0 36.204l-294.4 294.401c-9.998 9.997-26.207 9.997-36.204-.001z\"><\/path><\/svg>\t\t\t\t\t\t<\/span>\n\t\t\t\t\t\t\t\t\t\t<span class=\"elementor-icon-list-text\">We offer full service for breakfast, lunch, dinner (not included)<\/span>\n\t\t\t\t\t\t\t\t\t<\/li>\n\t\t\t\t\t\t\t\t<li class=\"elementor-icon-list-item\">\n\t\t\t\t\t\t\t\t\t\t\t<span class=\"elementor-icon-list-icon\">\n\t\t\t\t\t\t\t<svg aria-hidden=\"true\" class=\"e-font-icon-svg e-fas-check\" viewbox=\"0 0 512 512\" xmlns=\"http:\/\/www.w3.org\/2000\/svg\"><path d=\"M173.898 439.404l-166.4-166.4c-9.997-9.997-9.997-26.206 0-36.204l36.203-36.204c9.997-9.998 26.207-9.998 36.204 0L192 312.69 432.095 72.596c9.997-9.997 26.207-9.997 36.204 0l36.203 36.204c9.997 9.997 9.997 26.206 0 36.204l-294.4 294.401c-9.998 9.997-26.207 9.997-36.204-.001z\"><\/path><\/svg>\t\t\t\t\t\t<\/span>\n\t\t\t\t\t\t\t\t\t\t<span class=\"elementor-icon-list-text\">Check-in: 15:00 \/ Check-out: Noon<\/span>\n\t\t\t\t\t\t\t\t\t<\/li>\n\t\t\t\t\t\t<\/ul>\n\t\t\t\t\t\t<\/div>\n\t\t\t\t<\/div>\n\t\t\t\t<div class=\"elementor-element elementor-element-35cf5aa6 elementor-widget elementor-widget-spacer\" data-id=\"35cf5aa6\" data-element_type=\"widget\" data-widget_type=\"spacer.default\">\n\t\t\t\t<div class=\"elementor-widget-container\">\n\t\t\t\t\t\t\t<div class=\"elementor-spacer\">\n\t\t\t<div class=\"elementor-spacer-inner\"><\/div>\n\t\t<\/div>\n\t\t\t\t\t\t<\/div>\n\t\t\t\t<\/div>\n\t\t\t\t<div class=\"elementor-element elementor-element-11f22286 elementor-widget__width-initial animated-slow elementor-invisible elementor-widget elementor-widget-button\" data-id=\"11f22286\" data-element_type=\"widget\" data-settings=\"{&quot;_animation&quot;:&quot;fadeIn&quot;,&quot;_animation_delay&quot;:50}\" data-widget_type=\"button.default\">\n\t\t\t\t<div class=\"elementor-widget-container\">\n\t\t\t\t\t\t\t\t\t<div class=\"elementor-button-wrapper\">\n\t\t\t\t\t<a class=\"elementor-button elementor-button-link elementor-size-md elementor-animation-shrink\" href=\"https:\/\/api.whatsapp.com\/send\/?phone=5219631514803&#038;text=Hola%2C+me+gustar%C3%ADa+recibir+m%C3%A1s+informaci%C3%B3n+sobre+los+paquetes+y+experiencias&#038;type=phone_number&#038;app_absent=0\">\n\t\t\t\t\t\t<span class=\"elementor-button-content-wrapper\">\n\t\t\t\t\t\t\t\t\t<span class=\"elementor-button-text\">Book now<\/span>\n\t\t\t\t\t<\/span>\n\t\t\t\t\t<\/a>\n\t\t\t\t<\/div>\n\t\t\t\t\t\t\t\t<\/div>\n\t\t\t\t<\/div>\n\t\t\t\t<div class=\"elementor-element elementor-element-52c9ac38 elementor-hidden-desktop elementor-hidden-tablet elementor-widget elementor-widget-spacer\" data-id=\"52c9ac38\" data-element_type=\"widget\" data-widget_type=\"spacer.default\">\n\t\t\t\t<div class=\"elementor-widget-container\">\n\t\t\t\t\t\t\t<div class=\"elementor-spacer\">\n\t\t\t<div class=\"elementor-spacer-inner\"><\/div>\n\t\t<\/div>\n\t\t\t\t\t\t<\/div>\n\t\t\t\t<\/div>\n\t\t\t\t\t<\/div>\n\t\t<\/div>\n\t\t\t\t\t<\/div>\n\t\t<\/section>\n\t\t\t\t\t<\/div>\n\t\t<\/div>\n\t\t\t\t\t<\/div>\n\t\t<\/section>\n\t\t<div class=\"elementor-element elementor-element-451b2d39 elementor-hidden-desktop elementor-hidden-tablet elementor-hidden-mobile e-flex e-con-boxed e-con e-parent\" data-id=\"451b2d39\" data-element_type=\"container\">\n\t\t\t\t\t<div class=\"e-con-inner\">\n\t\t\t\t<div class=\"elementor-element elementor-element-646c10a2 elementor-widget elementor-widget-text-editor\" data-id=\"646c10a2\" data-element_type=\"widget\" data-widget_type=\"text-editor.default\">\n\t\t\t\t<div class=\"elementor-widget-container\">\n\t\t\t\t\t\t\t\t\t<p>\u00a0<\/p><p><!--themify_builder_static--><\/p><h1>Preserving the jungle<br \/>Prices start at MX$ 3,035.00 *<\/h1><p><div id='gallery-1' class='gallery galleryid-731 gallery-columns-3 gallery-size-thumbnail'><figure class='gallery-item'>\n\t\t\t<div class='gallery-icon landscape'>\n\t\t\t\t<a href='https:\/\/lasguacamayas.org.mx\/en\/conociendo_el_proyecto_de_conservacion\/'><img decoding=\"async\" width=\"150\" height=\"150\" src=\"https:\/\/lasguacamayas.org.mx\/wp-content\/uploads\/2024\/01\/conociendo_el_proyecto_de_conservacion-150x150.png\" class=\"attachment-thumbnail size-thumbnail\" alt=\"\" \/><\/a>\n\t\t\t<\/div><\/figure>\n\t\t<\/div>\n<\/p><p>* <em>Precio informativo: por persona, en base ocupaci\u00f3n doble. Cons\u00faltanos para m\u00e1s informaci\u00f3n.<\/em><\/p><h3>Dificultad<\/h3><p style=\"text-align: center;\">B\u00e1sico<\/p><h3>Duraci\u00f3n<\/h3><p style=\"text-align: center;\">3 d\u00edas, 2 noches.<\/p><h3>N\u00famero de pasajeros<\/h3><p style=\"text-align: center;\">M\u00e1ximo: 8<\/p><p>Preserving the jungle is our main duty: our project is committed to the conservation of the scarlet macaw and it is a pleasure to show our visitors our efforts in this regard. Join us on a three-day trip to see it<br \/><br \/>Normalmente llegar\u00e1s por la tarde despu\u00e9s de unas horas de camino. Descansa, t\u00f3mate tu tiempo y cena en nuestro restaurante (no incluido).<\/p><p>El segundo d\u00eda, seguramente te despertar\u00e1 el sonido de los monos aulladores. Despu\u00e9s de escucharlos por un rato, toma tu desayuno (no incluido) y prep\u00e1rate para una visita al \u00e1rea de conservaci\u00f3n para la Guacamaya Roja.<br \/><br \/>En esta aventura, conocer\u00e1s nuestro proyecto: nuestro esfuerzo por incrementar la poblaci\u00f3n de guacamayas en su h\u00e1bitat natural, as\u00ed como la preservaci\u00f3n de las \u00e1reas. En esta actividad pasearemos por nuestro pueblo: el Ejido Reforma Agraria, tanto por su entorno urbano como por los pastizales que lo rodean.<br \/><br \/>Despu\u00e9s del almuerzo, caminata por nuestro sendero interpretativo de 2.5 kms. ubicado dentro de la\u00a0Biosfera de la Reserva Comunitaria,\u00a0la cual tiene una extensi\u00f3n de 1463 hect\u00e1reas de selva de alta perennifolia. Esta reserva alberga una gran cantidad de mam\u00edferos, reptiles y aves, algunos de los cuales probablemente podr\u00e1s ver. Tambi\u00e9n existe la posibilidad de ver monos. Durante la caminata, aprenderemos sobre distintos tipos de \u00e1rboles y plantas, como la &#8220;ceiba pentandra&#8221;, la caoba y el cedro. Siempre estar\u00e1s en contacto con la naturaleza y con nuestros gu\u00edas.<\/p><ul><li><h4>Notas importantes (click aqu\u00ed).<\/h4><ul><li>For the conservation area, the tour takes around 1 hr and can be made between 7:00 and 16:00. In the rainy season, make sure you wear a raincoat.<\/li><li>We include Spanish speaking guides for both activities. Beware that our hikes are restricted to specific areas. Please follow your guide instructions.<\/li><li>For the Biosphere Communitary Area, the time for visits is from 08:00 to 15:00. The hike lasts around 2 hrs. We include ground transport and a guide.<\/li><li>We offer full service for breakfast, lunch, dinner (not included)<\/li><li>Check-in: 15:00 \/ Check-out: Noon<\/li><\/ul><\/li><\/ul><p><a href=\"https:\/\/api.whatsapp.com\/send?phone=529631514803&amp;text=Hola.%20Me%20interesa%20el%20paquete%20Conservando%20la%20selva\"> \u00a1Haz tu reservaci\u00f3n ya! <\/a><!--\/themify_builder_static--><\/p>\t\t\t\t\t\t\t\t<\/div>\n\t\t\t\t<\/div>\n\t\t\t\t\t<\/div>\n\t\t\t\t<\/div>\n\t\t\t\t<\/div>","protected":false},"excerpt":{"rendered":"<p>conservando la selva Precios desde MX$ 3,035.00 * * Precio informativo: por persona, en base ocupaci\u00f3n doble. Cons\u00faltanos para m\u00e1s informaci\u00f3n. Duraci\u00f3n: 3 d\u00edas, 2 noches M\u00e1ximo 8 personas Conservando la Selva &#xE933;&#xE933;&#xE933;&#xE933;&#xE933; 5\/5 Preservar la selva es nuestro principal deber: nuestro proyecto est\u00e1 comprometido con la conservaci\u00f3n de la guacamaya roja y es un [&hellip;]<\/p>","protected":false},"author":2,"featured_media":0,"parent":0,"menu_order":0,"comment_status":"closed","ping_status":"closed","template":"elementor_header_footer","meta":{"footnotes":""},"_links":{"self":[{"href":"https:\/\/lasguacamayas.org.mx\/en\/wp-json\/wp\/v2\/pages\/731"}],"collection":[{"href":"https:\/\/lasguacamayas.org.mx\/en\/wp-json\/wp\/v2\/pages"}],"about":[{"href":"https:\/\/lasguacamayas.org.mx\/en\/wp-json\/wp\/v2\/types\/page"}],"author":[{"embeddable":true,"href":"https:\/\/lasguacamayas.org.mx\/en\/wp-json\/wp\/v2\/users\/2"}],"replies":[{"embeddable":true,"href":"https:\/\/lasguacamayas.org.mx\/en\/wp-json\/wp\/v2\/comments?post=731"}],"version-history":[{"count":62,"href":"https:\/\/lasguacamayas.org.mx\/en\/wp-json\/wp\/v2\/pages\/731\/revisions"}],"predecessor-version":[{"id":2596,"href":"https:\/\/lasguacamayas.org.mx\/en\/wp-json\/wp\/v2\/pages\/731\/revisions\/2596"}],"wp:attachment":[{"href":"https:\/\/lasguacamayas.org.mx\/en\/wp-json\/wp\/v2\/media?parent=731"}],"curies":[{"name":"wp","href":"https:\/\/api.w.org\/{rel}","templated":true}]}}