{"id":846,"date":"2020-01-24T00:12:03","date_gmt":"2020-01-24T00:12:03","guid":{"rendered":"https:\/\/lasguacamayas.org.mx\/?page_id=846"},"modified":"2024-07-17T21:01:11","modified_gmt":"2024-07-17T21:01:11","slug":"aventurandonos-a-montes-azules","status":"publish","type":"page","link":"https:\/\/lasguacamayas.org.mx\/en\/aventurandonos-a-montes-azules\/","title":{"rendered":"Aventur\u00e1ndonos en Montes Azules \/ Adventure in Montes Azules Biosphere Reserve <\/p> (3D\/2N)"},"content":{"rendered":"<style>\/*! elementor - v3.21.0 - 25-04-2024 *\/\n.elementor-heading-title{padding:0;margin:0;line-height:1}.elementor-widget-heading .elementor-heading-title[class*=elementor-size-]>a{color:inherit;font-size:inherit;line-height:inherit}.elementor-widget-heading .elementor-heading-title.elementor-size-small{font-size:15px}.elementor-widget-heading .elementor-heading-title.elementor-size-medium{font-size:19px}.elementor-widget-heading .elementor-heading-title.elementor-size-large{font-size:29px}.elementor-widget-heading .elementor-heading-title.elementor-size-xl{font-size:39px}.elementor-widget-heading .elementor-heading-title.elementor-size-xxl{font-size:59px}<\/style>\n<h2>Adventure in Montes Azules<\/h2>\n<style>\/*! elementor - v3.21.0 - 25-04-2024 *\/\n.elementor-widget-image{text-align:center}.elementor-widget-image a{display:inline-block}.elementor-widget-image a img[src$=\".svg\"]{width:48px}.elementor-widget-image img{vertical-align:middle;display:inline-block}<\/style>\n<p>\t\t\t\t\t\t\t\t\t\t<img fetchpriority=\"high\" decoding=\"async\" width=\"2000\" height=\"1000\" src=\"https:\/\/lasguacamayas.org.mx\/wp-content\/uploads\/2024\/01\/Descubre-2.jpeg\" alt=\"\" srcset=\"https:\/\/lasguacamayas.org.mx\/wp-content\/uploads\/2024\/01\/Descubre-2.jpeg 2000w, https:\/\/lasguacamayas.org.mx\/wp-content\/uploads\/2024\/01\/Descubre-2-300x150.jpeg 300w, https:\/\/lasguacamayas.org.mx\/wp-content\/uploads\/2024\/01\/Descubre-2-1024x512.jpeg 1024w, https:\/\/lasguacamayas.org.mx\/wp-content\/uploads\/2024\/01\/Descubre-2-768x384.jpeg 768w, https:\/\/lasguacamayas.org.mx\/wp-content\/uploads\/2024\/01\/Descubre-2-1536x768.jpeg 1536w\" sizes=\"(max-width: 2000px) 100vw, 2000px\" \/>\t\t\t\t\t\t\t\t\t\t\t\t\t<\/p>\n<h2>Prices start at MX$ 5,350.00 *<\/h2>\n<h2>Informative price. Per person, based on double occupancy. Please contact us for more information.<\/h2>\n<style>\/*! elementor - v3.21.0 - 25-04-2024 *\/\n.elementor-column .elementor-spacer-inner{height:var(--spacer-size)}.e-con{--container-widget-width:100%}.e-con-inner>.elementor-widget-spacer,.e-con>.elementor-widget-spacer{width:var(--container-widget-width,var(--spacer-size));--align-self:var(--container-widget-align-self,initial);--flex-shrink:0}.e-con-inner>.elementor-widget-spacer>.elementor-widget-container,.e-con>.elementor-widget-spacer>.elementor-widget-container{height:100%;width:100%}.e-con-inner>.elementor-widget-spacer>.elementor-widget-container>.elementor-spacer,.e-con>.elementor-widget-spacer>.elementor-widget-container>.elementor-spacer{height:100%}.e-con-inner>.elementor-widget-spacer>.elementor-widget-container>.elementor-spacer>.elementor-spacer-inner,.e-con>.elementor-widget-spacer>.elementor-widget-container>.elementor-spacer>.elementor-spacer-inner{height:var(--container-widget-height,var(--spacer-size))}.e-con-inner>.elementor-widget-spacer.elementor-widget-empty,.e-con>.elementor-widget-spacer.elementor-widget-empty{position:relative;min-height:22px;min-width:22px}.e-con-inner>.elementor-widget-spacer.elementor-widget-empty .elementor-widget-empty-icon,.e-con>.elementor-widget-spacer.elementor-widget-empty .elementor-widget-empty-icon{position:absolute;top:0;bottom:0;left:0;right:0;margin:auto;padding:0;width:22px;height:22px}<\/style>\n<p>\t\t\t<a role=\"button\"><br \/>\n\t\t\t\t\t\t\t\t\tDuration: 3 days, 2 nights<br \/>\n\t\t\t\t\t<\/a><br \/>\n\t\t\t<a href=\"#\"><br \/>\n\t\t\t\t\t\t\t\t\tCapacity: 8 people maximum<br \/>\n\t\t\t\t\t<\/a><\/p>\n<h2>Adventure in Montes Azules Biosphere Reserve<\/h2>\n<style>\/*! elementor - v3.21.0 - 25-04-2024 *\/\n@charset \"UTF-8\";.elementor-star-rating{color:#ccd6df;font-family:eicons;display:inline-block}.elementor-star-rating i{display:inline-block;position:relative;font-style:normal;cursor:default}.elementor-star-rating i:before{content:\"e934\";display:block;font-size:inherit;font-family:inherit;position:absolute;overflow:hidden;color:#f0ad4e;top:0;left:0}.elementor-star-rating .elementor-star-empty:before{content:none}.elementor-star-rating .elementor-star-1:before{width:10%}.elementor-star-rating .elementor-star-2:before{width:20%}.elementor-star-rating .elementor-star-3:before{width:30%}.elementor-star-rating .elementor-star-4:before{width:40%}.elementor-star-rating .elementor-star-5:before{width:50%}.elementor-star-rating .elementor-star-6:before{width:60%}.elementor-star-rating .elementor-star-7:before{width:70%}.elementor-star-rating .elementor-star-8:before{width:80%}.elementor-star-rating .elementor-star-9:before{width:90%}.elementor-star-rating__wrapper{display:flex;align-items:center}.elementor-star-rating__title{margin-inline-end:10px}.elementor-star-rating--align-right .elementor-star-rating__wrapper{text-align:right;justify-content:flex-end}.elementor-star-rating--align-left .elementor-star-rating__wrapper{text-align:left;justify-content:flex-start}.elementor-star-rating--align-center .elementor-star-rating__wrapper{text-align:center;justify-content:center}.elementor-star-rating--align-justify .elementor-star-rating__title{margin-inline-end:auto}@media (max-width:1024px){.elementor-star-rating-tablet--align-right .elementor-star-rating__wrapper{text-align:right;justify-content:flex-end}.elementor-star-rating-tablet--align-left .elementor-star-rating__wrapper{text-align:left;justify-content:flex-start}.elementor-star-rating-tablet--align-center .elementor-star-rating__wrapper{text-align:center;justify-content:center}.elementor-star-rating-tablet--align-justify .elementor-star-rating__title{margin-inline-end:auto}}@media (max-width:767px){.elementor-star-rating-mobile--align-right .elementor-star-rating__wrapper{text-align:right;justify-content:flex-end}.elementor-star-rating-mobile--align-left .elementor-star-rating__wrapper{text-align:left;justify-content:flex-start}.elementor-star-rating-mobile--align-center .elementor-star-rating__wrapper{text-align:center;justify-content:center}.elementor-star-rating-mobile--align-justify .elementor-star-rating__title{margin-inline-end:auto}}.last-star{letter-spacing:0}.elementor--star-style-star_unicode .elementor-star-rating{font-family:Arial,Helvetica,sans-serif}.elementor--star-style-star_unicode .elementor-star-rating i:not(.elementor-star-empty):before{content:\"\u2605\"}<\/style>\n<p>\t\t\t\t\t\t<i>&#xE933;<\/i><i>&#xE933;<\/i><i>&#xE933;<\/i><i>&#xE933;<\/i><i>&#xE933;<\/i> 5\/5\t\t<\/p>\n<h1>Have you thought of visiting the Biosphere Reserve of Monter Azules? <br \/>This is one of Mexico\u2019s most important National Protected Areas for jungle. We invite you to walk our interpretative path and let us share with you this marvel.\u00a0 <\/p>\n<p>I<b>Itinerary<\/b> <br \/>On day one, you will normally get to Las Guacamayas in the evening, after a few hours of road. Rest, take your time and have some dinner at our restaurant (not included). <\/p>\n<p>On day 2, you will be awakened by the sound of the howler monkeys\u2026 rise up and come to our restaurant for your American breakfast (included). Get ready for adventure.\u00a0\nAs a start, our navigation team will take you in our boat to the entrance of the Biosphere Reserve, on the other side of the Lacantun River. Once there, we will start a hike in a trail almost fully shadowed by the trees and foliage. If the weather conditions and time of the day are optimal, there is a strong chance to observe wild pigs, tapirs, monkeys and deer, as well as minor fauna, insects an exuberant flora and small streams. Further on, we will reach a small lagoon in the reserve where we will observe wild ducks and herons.\u00a0\nThe loop will take us back to the Lacantun river, where we will be picked up by our team and taken to the lodge. Remember to follow our guide\u2019s instructions, as well as the suggestions for clothing and hiking shoes.\nUpon return, rest in your hammock for a while or enjoy our river view before coming to the restaurant for lunch (not included).\u00a0In the evening we will continue our discovery of Montes Azules Biosphere Reserve, this time by boat: we will enjoy a two hour trip through the river to admire the scenery and some fauna: it is common to observe monkeys, moreleti crocodiles, iguanas, herons, kingfisher. If we are lucky, me might also observe jaguar, tapir and otters, among other species.\nBy the end of the second day, rest take your time and have dinner at our restaurant (not included).\u00a0 <\/p>\n<p>Early no day three we will visit the red Macaw conservation area. For their reproduction and subsistence, we build artificial nests that you will be able to see. During our walk we might also see toucans, parrots, spider monkeys, howler monkeys and hummingbirds, depending on the season. Sighting for red macaw depends a lot on the time of the year.\u00a0\nAt the end of the activity, take your time to relax and then join us for breakfast (American style, included) at our restaurant. Your check out is scheduled at 12:00 the last.\u00a0<\/h1>\n<h1><b>Important information<\/b><br \/>\n<\/h1>\n<link rel=\"stylesheet\" href=\"https:\/\/lasguacamayas.org.mx\/wp-content\/plugins\/elementor\/assets\/css\/widget-icon-list.min.css\">\n<ul>\n<li>\n\t\t\t\t\t\t\t<svg aria-hidden=\"true\" viewbox=\"0 0 512 512\" xmlns=\"http:\/\/www.w3.org\/2000\/svg\"><path d=\"M173.898 439.404l-166.4-166.4c-9.997-9.997-9.997-26.206 0-36.204l36.203-36.204c9.997-9.998 26.207-9.998 36.204 0L192 312.69 432.095 72.596c9.997-9.997 26.207-9.997 36.204 0l36.203 36.204c9.997 9.997 9.997 26.206 0 36.204l-294.4 294.401c-9.998 9.997-26.207 9.997-36.204-.001z\"><\/path><\/svg><br \/>\n\t\t\t\t\t\t\t\t\t\tFor trekking in Montes Azules, we suggest you to use long sleeve shirts, a sombrero or cap, as well as pants. Make sure that you wear hiking shoes. Please do not wander off the paths, wear NATURAL mosquito repelent and please do take seriously our guide\u2019s recommendations and instructions.\u00a0\n\t\t\t\t\t\t\t\t\t<\/li>\n<li>\n\t\t\t\t\t\t\t<svg aria-hidden=\"true\" viewbox=\"0 0 512 512\" xmlns=\"http:\/\/www.w3.org\/2000\/svg\"><path d=\"M173.898 439.404l-166.4-166.4c-9.997-9.997-9.997-26.206 0-36.204l36.203-36.204c9.997-9.998 26.207-9.998 36.204 0L192 312.69 432.095 72.596c9.997-9.997 26.207-9.997 36.204 0l36.203 36.204c9.997 9.997 9.997 26.206 0 36.204l-294.4 294.401c-9.998 9.997-26.207 9.997-36.204-.001z\"><\/path><\/svg><br \/>\n\t\t\t\t\t\t\t\t\t\tFor the Biosphere Reserve, the visiting time is from 08:00 to 15:00. The hike lasts around 3.5 hours, transport included.\n\t\t\t\t\t\t\t\t\t<\/li>\n<li>\n\t\t\t\t\t\t\t<svg aria-hidden=\"true\" viewbox=\"0 0 512 512\" xmlns=\"http:\/\/www.w3.org\/2000\/svg\"><path d=\"M173.898 439.404l-166.4-166.4c-9.997-9.997-9.997-26.206 0-36.204l36.203-36.204c9.997-9.998 26.207-9.998 36.204 0L192 312.69 432.095 72.596c9.997-9.997 26.207-9.997 36.204 0l36.203 36.204c9.997 9.997 9.997 26.206 0 36.204l-294.4 294.401c-9.998 9.997-26.207 9.997-36.204-.001z\"><\/path><\/svg><br \/>\n\t\t\t\t\t\t\t\t\t\tThe boat ride includes insurance for the activity, a motor boat with seats, lifejacket and a naturist guide. Some areas are restricted. Please follow your guide directions.\n\t\t\t\t\t\t\t\t\t<\/li>\n<li>\n\t\t\t\t\t\t\t<svg aria-hidden=\"true\" viewbox=\"0 0 512 512\" xmlns=\"http:\/\/www.w3.org\/2000\/svg\"><path d=\"M173.898 439.404l-166.4-166.4c-9.997-9.997-9.997-26.206 0-36.204l36.203-36.204c9.997-9.998 26.207-9.998 36.204 0L192 312.69 432.095 72.596c9.997-9.997 26.207-9.997 36.204 0l36.203 36.204c9.997 9.997 9.997 26.206 0 36.204l-294.4 294.401c-9.998 9.997-26.207 9.997-36.204-.001z\"><\/path><\/svg><br \/>\n\t\t\t\t\t\t\t\t\t\tIn the conservation area, the tour lasts around 1 hour and can be made between 07:00 and 16:00. During the rainy season (July-September), make sure you wear a raincoat.\n\t\t\t\t\t\t\t\t\t<\/li>\n<li>\n\t\t\t\t\t\t\t<svg aria-hidden=\"true\" viewbox=\"0 0 512 512\" xmlns=\"http:\/\/www.w3.org\/2000\/svg\"><path d=\"M173.898 439.404l-166.4-166.4c-9.997-9.997-9.997-26.206 0-36.204l36.203-36.204c9.997-9.998 26.207-9.998 36.204 0L192 312.69 432.095 72.596c9.997-9.997 26.207-9.997 36.204 0l36.203 36.204c9.997 9.997 9.997 26.206 0 36.204l-294.4 294.401c-9.998 9.997-26.207 9.997-36.204-.001z\"><\/path><\/svg><br \/>\n\t\t\t\t\t\t\t\t\t\tWe include local Spanish-speaking guides.\n\t\t\t\t\t\t\t\t\t<\/li>\n<li>\n\t\t\t\t\t\t\t<svg aria-hidden=\"true\" viewbox=\"0 0 512 512\" xmlns=\"http:\/\/www.w3.org\/2000\/svg\"><path d=\"M173.898 439.404l-166.4-166.4c-9.997-9.997-9.997-26.206 0-36.204l36.203-36.204c9.997-9.998 26.207-9.998 36.204 0L192 312.69 432.095 72.596c9.997-9.997 26.207-9.997 36.204 0l36.203 36.204c9.997 9.997 9.997 26.206 0 36.204l-294.4 294.401c-9.998 9.997-26.207 9.997-36.204-.001z\"><\/path><\/svg><br \/>\n\t\t\t\t\t\t\t\t\t\tOur restaurant is open the whole day for breakfast (included), lunch and dinner (not included).\n\t\t\t\t\t\t\t\t\t<\/li>\n<li>\n\t\t\t\t\t\t\t<svg aria-hidden=\"true\" viewbox=\"0 0 512 512\" xmlns=\"http:\/\/www.w3.org\/2000\/svg\"><path d=\"M173.898 439.404l-166.4-166.4c-9.997-9.997-9.997-26.206 0-36.204l36.203-36.204c9.997-9.998 26.207-9.998 36.204 0L192 312.69 432.095 72.596c9.997-9.997 26.207-9.997 36.204 0l36.203 36.204c9.997 9.997 9.997 26.206 0 36.204l-294.4 294.401c-9.998 9.997-26.207 9.997-36.204-.001z\"><\/path><\/svg><br \/>\n\t\t\t\t\t\t\t\t\t\tCheck-in: 15:00 \/ Check-out: Noon\n\t\t\t\t\t\t\t\t\t<\/li>\n<li>\n\t\t\t\t\t\t\t<svg aria-hidden=\"true\" viewbox=\"0 0 512 512\" xmlns=\"http:\/\/www.w3.org\/2000\/svg\"><path d=\"M173.898 439.404l-166.4-166.4c-9.997-9.997-9.997-26.206 0-36.204l36.203-36.204c9.997-9.998 26.207-9.998 36.204 0L192 312.69 432.095 72.596c9.997-9.997 26.207-9.997 36.204 0l36.203 36.204c9.997 9.997 9.997 26.206 0 36.204l-294.4 294.401c-9.998 9.997-26.207 9.997-36.204-.001z\"><\/path><\/svg><br \/>\n\t\t\t\t\t\t\t\t\t\tAdditionally, every passenger will have to cover an additional fee of 50 pesos (per person) for the Lacandon community.\n\t\t\t\t\t\t\t\t\t<\/li>\n<li>\n\t\t\t\t\t\t\t<svg aria-hidden=\"true\" viewbox=\"0 0 512 512\" xmlns=\"http:\/\/www.w3.org\/2000\/svg\"><path d=\"M173.898 439.404l-166.4-166.4c-9.997-9.997-9.997-26.206 0-36.204l36.203-36.204c9.997-9.998 26.207-9.998 36.204 0L192 312.69 432.095 72.596c9.997-9.997 26.207-9.997 36.204 0l36.203 36.204c9.997 9.997 9.997 26.206 0 36.204l-294.4 294.401c-9.998 9.997-26.207 9.997-36.204-.001z\"><\/path><\/svg><br \/>\n\t\t\t\t\t\t\t\t\t\tYour room is located in a large wooden cabin that has two separate rooms. Your room has 2 double beds, private bathroom, warm water, towels... It also has a ventilator and is completely isolated with mosquito nets. We care for your comfort.\u00a0\n\t\t\t\t\t\t\t\t\t<\/li>\n<\/ul>\n<p>\t\t\t<a href=\"https:\/\/api.whatsapp.com\/send\/?phone=5219631514803&#038;text=Hola%2C+me+gustar%C3%ADa+recibir+m%C3%A1s+informaci%C3%B3n+sobre+los+paquetes+y+experiencias&#038;type=phone_number&#038;app_absent=0\"><br \/>\n\t\t\t\t\t\t\t\t\tBook now<br \/>\n\t\t\t\t\t<\/a><\/p>\n<p>\u00a0<\/p>\n<p><!--themify_builder_static--><\/p>\n<h1>Preserving the jungle<br \/>Prices start at MX$ 3,035.00 *<\/h1>\n<div id='gallery-1' class='gallery galleryid-846 gallery-columns-3 gallery-size-thumbnail'><figure class='gallery-item'>\n\t\t\t<div class='gallery-icon landscape'>\n\t\t\t\t<a href='https:\/\/lasguacamayas.org.mx\/en\/conociendo_el_proyecto_de_conservacion\/'><img decoding=\"async\" width=\"150\" height=\"150\" src=\"https:\/\/lasguacamayas.org.mx\/wp-content\/uploads\/2024\/01\/conociendo_el_proyecto_de_conservacion-150x150.png\" class=\"attachment-thumbnail size-thumbnail\" alt=\"\" \/><\/a>\n\t\t\t<\/div><\/figure>\n\t\t<\/div>\n\n<p>* <em>Precio informativo: por persona, en base ocupaci\u00f3n doble. Cons\u00faltanos para m\u00e1s informaci\u00f3n.<\/em><\/p>\n<h3>Dificultad<\/h3>\n<p style=\"text-align: center;\">B\u00e1sico<\/p>\n<h3>Duraci\u00f3n<\/h3>\n<p style=\"text-align: center;\">3 d\u00edas, 2 noches.<\/p>\n<h3>N\u00famero de pasajeros<\/h3>\n<p style=\"text-align: center;\">M\u00e1ximo: 8<\/p>\n<p>Preserving the jungle is our main duty: our project is committed to the conservation of the scarlet macaw and it is a pleasure to show our visitors our efforts in this regard. Join us on a three-day trip to see it<\/p>\n<p>Normalmente llegar\u00e1s por la tarde despu\u00e9s de unas horas de camino. Descansa, t\u00f3mate tu tiempo y cena en nuestro restaurante (no incluido).<\/p>\n<p>El segundo d\u00eda, seguramente te despertar\u00e1 el sonido de los monos aulladores. Despu\u00e9s de escucharlos por un rato, toma tu desayuno (no incluido) y prep\u00e1rate para una visita al \u00e1rea de conservaci\u00f3n para la Guacamaya Roja.<\/p>\n<p>En esta aventura, conocer\u00e1s nuestro proyecto: nuestro esfuerzo por incrementar la poblaci\u00f3n de guacamayas en su h\u00e1bitat natural, as\u00ed como la preservaci\u00f3n de las \u00e1reas. En esta actividad pasearemos por nuestro pueblo: el Ejido Reforma Agraria, tanto por su entorno urbano como por los pastizales que lo rodean.<\/p>\n<p>Despu\u00e9s del almuerzo, caminata por nuestro sendero interpretativo de 2.5 kms. ubicado dentro de la\u00a0Biosfera de la Reserva Comunitaria,\u00a0la cual tiene una extensi\u00f3n de 1463 hect\u00e1reas de selva de alta perennifolia. Esta reserva alberga una gran cantidad de mam\u00edferos, reptiles y aves, algunos de los cuales probablemente podr\u00e1s ver. Tambi\u00e9n existe la posibilidad de ver monos. Durante la caminata, aprenderemos sobre distintos tipos de \u00e1rboles y plantas, como la &#8220;ceiba pentandra&#8221;, la caoba y el cedro. Siempre estar\u00e1s en contacto con la naturaleza y con nuestros gu\u00edas.<\/p>\n<ul>\n<li>\n<h4>Notas importantes (click aqu\u00ed).<\/h4>\n<ul>\n<li>For the conservation area, the tour takes around 1 hr and can be made between 7:00 and 16:00. In the rainy season, make sure you wear a raincoat.<\/li>\n<li>We include Spanish speaking guides for both activities. Beware that our hikes are restricted to specific areas. Please follow your guide instructions.<\/li>\n<li>For the Biosphere Communitary Area, the time for visits is from 08:00 to 15:00. The hike lasts around 2 hrs. We include ground transport and a guide.<\/li>\n<li>We offer full service for breakfast, lunch, dinner (not included)<\/li>\n<li>Check-in: 15:00 \/ Check-out: Noon<\/li>\n<\/ul>\n<\/li>\n<\/ul>\n<p><a href=\"https:\/\/api.whatsapp.com\/send?phone=529631514803&amp;text=Hola.%20Me%20interesa%20el%20paquete%20Conservando%20la%20selva\"> \u00a1Haz tu reservaci\u00f3n ya! <\/a><!--\/themify_builder_static--><\/p>","protected":false},"excerpt":{"rendered":"<p>aventur\u00e1ndonos en la reserva de bi\u00f3sfera de montes azules Precios desde MX$ 5,350.00 * * Precio informativo: por persona, en base ocupaci\u00f3n doble. Cons\u00faltanos para m\u00e1s informaci\u00f3n. Duraci\u00f3n: 3 d\u00edas, 2 noches M\u00e1ximo 8 personas La Bi\u00f3sfera de montes azules &#xE933;&#xE933;&#xE933;&#xE933;&#xE933; 5\/5 \u00bfHas imaginado conocer La Biosfera Montes Azules? Esta es una de las reservas [&hellip;]<\/p>","protected":false},"author":2,"featured_media":0,"parent":0,"menu_order":0,"comment_status":"closed","ping_status":"closed","template":"elementor_header_footer","meta":{"footnotes":""},"_links":{"self":[{"href":"https:\/\/lasguacamayas.org.mx\/en\/wp-json\/wp\/v2\/pages\/846"}],"collection":[{"href":"https:\/\/lasguacamayas.org.mx\/en\/wp-json\/wp\/v2\/pages"}],"about":[{"href":"https:\/\/lasguacamayas.org.mx\/en\/wp-json\/wp\/v2\/types\/page"}],"author":[{"embeddable":true,"href":"https:\/\/lasguacamayas.org.mx\/en\/wp-json\/wp\/v2\/users\/2"}],"replies":[{"embeddable":true,"href":"https:\/\/lasguacamayas.org.mx\/en\/wp-json\/wp\/v2\/comments?post=846"}],"version-history":[{"count":45,"href":"https:\/\/lasguacamayas.org.mx\/en\/wp-json\/wp\/v2\/pages\/846\/revisions"}],"predecessor-version":[{"id":2644,"href":"https:\/\/lasguacamayas.org.mx\/en\/wp-json\/wp\/v2\/pages\/846\/revisions\/2644"}],"wp:attachment":[{"href":"https:\/\/lasguacamayas.org.mx\/en\/wp-json\/wp\/v2\/media?parent=846"}],"curies":[{"name":"wp","href":"https:\/\/api.w.org\/{rel}","templated":true}]}}