{"id":986,"date":"2024-01-10T04:09:39","date_gmt":"2024-01-10T04:09:39","guid":{"rendered":"https:\/\/lasguacamayas.org.mx\/?page_id=986"},"modified":"2024-02-28T22:33:18","modified_gmt":"2024-02-28T22:33:18","slug":"adventurers-and-lunch-in-the-jungle-3d-2n","status":"publish","type":"page","link":"https:\/\/lasguacamayas.org.mx\/en\/adventurers-and-lunch-in-the-jungle-3d-2n\/","title":{"rendered":"Adventurers and lunch in the jungle (3D\/2N)"},"content":{"rendered":"<p><!--themify_builder_static--><\/p>\n<h1>Jungle adventure and lunch <br \/>Prices start at MX$ 6,990.00 *<\/h1>\n<div id='gallery-1' class='gallery galleryid-986 gallery-columns-3 gallery-size-thumbnail'><figure class='gallery-item'>\n\t\t\t<div class='gallery-icon landscape'>\n\t\t\t\t<a href='https:\/\/lasguacamayas.org.mx\/en\/comida_en_la_selva_portada-2\/'><img decoding=\"async\" width=\"150\" height=\"150\" src=\"https:\/\/lasguacamayas.org.mx\/wp-content\/uploads\/2024\/01\/comida_en_la_selva_portada-1-150x150.jpeg\" class=\"attachment-thumbnail size-thumbnail\" alt=\"\" \/><\/a>\n\t\t\t<\/div><\/figure>\n\t\t<\/div>\n\n<p>* <em>Precio informativo: por persona, en base ocupaci\u00f3n doble. Cons\u00faltanos para m\u00e1s informaci\u00f3n.<\/em><\/p>\n<h3>Difficulty<\/h3>\n<p style=\"text-align: center;\">Basic<\/p>\n<h3>Length<\/h3>\n<p style=\"text-align: center;\">3 days, 2 nights.<\/p>\n<h3>Passenger allowance<\/h3>\n<p style=\"text-align: center;\">Maximum 8<\/p>\n<p>Boat Ride the jungle with our expert guide and enjoy a delicious lunch in a natural island in the middle of the river, prepared by our Guacamaya\u2019s Ecolodge team. An activity for couples, families or groups of friends.\u00a0<\/p>\n<p>You will normally arrive in the evening and relax for a while before enjoying dinner (not included) in our restaurant.\u00a0<\/p>\n<p>On Day two, we depart after breakfast for a boat ride through part of the Biosphere Reserve of Montes Azules. Our specialist guide will join us to show us and explain life in the tropical forest, full of flora and fauna.\u00a0<\/p>\n<p>An hour later, our boat stops in a natural island created by the river, to enjoy our meal prepared by our team. The quiet sound of the current, our typical food and the service are the prize for our journey in the nature. A Must for special occasions: birthdays, anniversaries, etc. The whole program takes around 3 hours.\u00a0<\/p>\n<p>Right after lunch, return to our lodge for the rest of the evening. You can enjoy a walk or a comfortable siesta in your veranda\u2019s hammock.<\/p>\n<p>The room is located in a large construction (cabin) that has two separated rooms. Your room has 2 double beds, private bathroom, hot water and full comfort. It also has a ventilator and the room is fully isolated with mosquito nets. It\u2019s a full quality room.<\/p>\n<p><b>We suggest that you:<\/b><\/p>\n<p>Wear sunglasses<br \/>Use comfortable clothes and hiking shoes<br \/>Bring along a hat or sombrero<br \/>Wear NATURAL mosquito repelent<br \/><b><\/b><b><\/b><\/p>\n<ul>\n<li>\n<h4>Important information (click here).<\/h4>\n<p><b>Important information:\u00a0<\/b><\/p>\n<p>Latest time of departure for excursion: 12:00 (noon).\u00a0<br \/>Lunchtime: 13:00<br \/>Maximum capacity: 8 people<\/p>\n<p><b>We include:<\/b><\/p>\n<p>Boat transport<br \/>Lifejackets<br \/>Guide Specialist<br \/>For your meal in the jungle: chef, support personnel, foods and beverages, furniture.<\/p>\n<p><b>Not included:<\/b><\/p>\n<p>Whatever is not specially indicated above.<br \/>We offer full service for breakfast, lunch, dinner (not included, except the one in the package)<br \/>Check-in: 15:00 \/ Check-out: Noon<\/p>\n<\/li>\n<\/ul>\n<p><a href=\"https:\/\/api.whatsapp.com\/send?phone=529631514803&#038;text=Hola.%20Me%20interesa%20el%20paquete%20Paseo%20y%20comida%20en%20la%20selva%20(ingl\u00e9s)\" > Book now! <\/a><!--\/themify_builder_static--><\/p>","protected":false},"excerpt":{"rendered":"<p>Jungle adventure and lunch Prices start at MX$ 6,990.00 * * Precio informativo: por persona, en base ocupaci\u00f3n doble. Cons\u00faltanos para m\u00e1s informaci\u00f3n. Difficulty Basic Length 3 days, 2 nights. Passenger allowance Maximum 8 Boat Ride the jungle with our expert guide and enjoy a delicious lunch in a natural island in the middle of [&hellip;]<\/p>","protected":false},"author":1,"featured_media":0,"parent":0,"menu_order":0,"comment_status":"closed","ping_status":"closed","template":"","meta":{"footnotes":""},"_links":{"self":[{"href":"https:\/\/lasguacamayas.org.mx\/en\/wp-json\/wp\/v2\/pages\/986"}],"collection":[{"href":"https:\/\/lasguacamayas.org.mx\/en\/wp-json\/wp\/v2\/pages"}],"about":[{"href":"https:\/\/lasguacamayas.org.mx\/en\/wp-json\/wp\/v2\/types\/page"}],"author":[{"embeddable":true,"href":"https:\/\/lasguacamayas.org.mx\/en\/wp-json\/wp\/v2\/users\/1"}],"replies":[{"embeddable":true,"href":"https:\/\/lasguacamayas.org.mx\/en\/wp-json\/wp\/v2\/comments?post=986"}],"version-history":[{"count":5,"href":"https:\/\/lasguacamayas.org.mx\/en\/wp-json\/wp\/v2\/pages\/986\/revisions"}],"predecessor-version":[{"id":2064,"href":"https:\/\/lasguacamayas.org.mx\/en\/wp-json\/wp\/v2\/pages\/986\/revisions\/2064"}],"wp:attachment":[{"href":"https:\/\/lasguacamayas.org.mx\/en\/wp-json\/wp\/v2\/media?parent=986"}],"curies":[{"name":"wp","href":"https:\/\/api.w.org\/{rel}","templated":true}]}}